{"id":18097,"date":"2024-10-04T16:05:38","date_gmt":"2024-10-04T13:05:38","guid":{"rendered":"https:\/\/bridgehealthtravel.com\/beauftragte-organisationen\/"},"modified":"2025-02-14T11:23:21","modified_gmt":"2025-02-14T08:23:21","slug":"beauftragte-organisationen","status":"publish","type":"page","link":"https:\/\/bridgehealthtravel.com\/de\/beauftragte-organisationen\/","title":{"rendered":"Beauftragte Organisationen"},"content":{"rendered":"\t\t<div data-elementor-type=\"wp-page\" data-elementor-id=\"18097\" class=\"elementor elementor-18097 elementor-17477\" data-elementor-post-type=\"page\">\n\t\t\t\t<div class=\"elementor-element elementor-element-22ecf95 e-flex e-con-boxed e-con e-parent\" data-id=\"22ecf95\" data-element_type=\"container\" data-e-type=\"container\" data-settings=\"{&quot;pix_scale_in&quot;:&quot;none&quot;}\">\n\t\t\t\t\t<div class=\"e-con-inner\">\n\t\t<div class=\"elementor-element elementor-element-9e7aa34 e-con-full e-flex e-con e-child\" data-id=\"9e7aa34\" data-element_type=\"container\" data-e-type=\"container\" data-settings=\"{&quot;pix_scale_in&quot;:&quot;none&quot;}\">\n\t\t\t\t<div class=\"elementor-element elementor-element-e107526 ekit-equal-height-disable elementor-widget elementor-widget-elementskit-icon-box\" data-id=\"e107526\" data-element_type=\"widget\" data-e-type=\"widget\" data-widget_type=\"elementskit-icon-box.default\">\n\t\t\t\t<div class=\"elementor-widget-container\">\n\t\t\t\t\t<div class=\"ekit-wid-con\" >        <!-- link opening -->\n                <a href=\"#\" class=\"ekit_global_links\">\n                <!-- end link opening -->\n\n        <div class=\"elementskit-infobox text-center text- icon-top-align elementor-animation-   \">\n                            <div class=\"elementskit-box-header\">\n                <div class=\"elementskit-info-box-icon \">\n                    <img fetchpriority=\"high\" decoding=\"async\" width=\"600\" height=\"300\" src=\"https:\/\/bridgehealthtravel.com\/wp-content\/uploads\/2024\/10\/Calisma-yuzeyi-1.png\" class=\"attachment- size-\" alt=\"\" srcset=\"https:\/\/bridgehealthtravel.com\/wp-content\/uploads\/2024\/10\/Calisma-yuzeyi-1.png 600w, https:\/\/bridgehealthtravel.com\/wp-content\/uploads\/2024\/10\/Calisma-yuzeyi-1-300x150.png 300w, https:\/\/bridgehealthtravel.com\/wp-content\/uploads\/2024\/10\/Calisma-yuzeyi-1-18x9.png 18w\" sizes=\"(max-width: 600px) 100vw, 600px\" \/>                <\/div>\n          <\/div>\n                <div class=\"box-body\">\n                            <h3 class=\"elementskit-info-box-title\">\n                    Die private Stiftung ASV Life Hospital ist ein Krankenhaus, in dem alle Bereiche des Gesundheitswesens angewandt werden.                <\/h3>\n                                            <\/div>\n        \n        \n                <\/div>\n                <\/a>\n        <\/div>\t\t\t\t<\/div>\n\t\t\t\t<\/div>\n\t\t\t\t<\/div>\n\t\t<div class=\"elementor-element elementor-element-6fc273c e-con-full e-flex e-con e-child\" data-id=\"6fc273c\" data-element_type=\"container\" data-e-type=\"container\" data-settings=\"{&quot;pix_scale_in&quot;:&quot;none&quot;}\">\n\t\t\t\t<div class=\"elementor-element elementor-element-3d5bd52 ekit-equal-height-disable elementor-widget elementor-widget-elementskit-icon-box\" data-id=\"3d5bd52\" data-element_type=\"widget\" data-e-type=\"widget\" data-widget_type=\"elementskit-icon-box.default\">\n\t\t\t\t<div class=\"elementor-widget-container\">\n\t\t\t\t\t<div class=\"ekit-wid-con\" >        <!-- link opening -->\n                <a href=\"#\" class=\"ekit_global_links\">\n                <!-- end link opening -->\n\n        <div class=\"elementskit-infobox text-center text- icon-top-align elementor-animation-   \">\n                            <div class=\"elementskit-box-header\">\n                <div class=\"elementskit-info-box-icon \">\n                    <img decoding=\"async\" width=\"600\" height=\"300\" src=\"https:\/\/bridgehealthtravel.com\/wp-content\/uploads\/2024\/10\/Calisma-yuzeyi-1-kopya.png\" class=\"attachment- size-\" alt=\"\" srcset=\"https:\/\/bridgehealthtravel.com\/wp-content\/uploads\/2024\/10\/Calisma-yuzeyi-1-kopya.png 600w, https:\/\/bridgehealthtravel.com\/wp-content\/uploads\/2024\/10\/Calisma-yuzeyi-1-kopya-300x150.png 300w, https:\/\/bridgehealthtravel.com\/wp-content\/uploads\/2024\/10\/Calisma-yuzeyi-1-kopya-18x9.png 18w\" sizes=\"(max-width: 600px) 100vw, 600px\" \/>                <\/div>\n          <\/div>\n                <div class=\"box-body\">\n                            <h3 class=\"elementskit-info-box-title\">\n                    Das private Uncal\u0131-Krankenhaus ist ein Krankenhaus, in dem alle Bereiche des Gesundheitswesens angewandt werden.                <\/h3>\n                                            <\/div>\n        \n        \n                <\/div>\n                <\/a>\n        <\/div>\t\t\t\t<\/div>\n\t\t\t\t<\/div>\n\t\t\t\t<\/div>\n\t\t\t\t\t<\/div>\n\t\t\t\t<\/div>\n\t\t<div class=\"elementor-element elementor-element-5f78501 e-flex e-con-boxed e-con e-parent\" data-id=\"5f78501\" data-element_type=\"container\" data-e-type=\"container\" data-settings=\"{&quot;pix_scale_in&quot;:&quot;none&quot;}\">\n\t\t\t\t\t<div class=\"e-con-inner\">\n\t\t<div class=\"elementor-element elementor-element-cef6579 e-con-full e-flex e-con e-child\" data-id=\"cef6579\" data-element_type=\"container\" data-e-type=\"container\" data-settings=\"{&quot;pix_scale_in&quot;:&quot;none&quot;}\">\n\t\t\t\t<div class=\"elementor-element elementor-element-1b6d591 ekit-equal-height-disable elementor-widget elementor-widget-elementskit-icon-box\" data-id=\"1b6d591\" data-element_type=\"widget\" data-e-type=\"widget\" data-widget_type=\"elementskit-icon-box.default\">\n\t\t\t\t<div class=\"elementor-widget-container\">\n\t\t\t\t\t<div class=\"ekit-wid-con\" >        <!-- link opening -->\n                <a href=\"#\" class=\"ekit_global_links\">\n                <!-- end link opening -->\n\n        <div class=\"elementskit-infobox text-center text- icon-top-align elementor-animation-   \">\n                            <div class=\"elementskit-box-header\">\n                <div class=\"elementskit-info-box-icon \">\n                    <img decoding=\"async\" width=\"600\" height=\"300\" src=\"https:\/\/bridgehealthtravel.com\/wp-content\/uploads\/2024\/10\/Calisma-yuzeyi-1-kopya-3.png\" class=\"attachment- size-\" alt=\"\" srcset=\"https:\/\/bridgehealthtravel.com\/wp-content\/uploads\/2024\/10\/Calisma-yuzeyi-1-kopya-3.png 600w, https:\/\/bridgehealthtravel.com\/wp-content\/uploads\/2024\/10\/Calisma-yuzeyi-1-kopya-3-300x150.png 300w, https:\/\/bridgehealthtravel.com\/wp-content\/uploads\/2024\/10\/Calisma-yuzeyi-1-kopya-3-18x9.png 18w\" sizes=\"(max-width: 600px) 100vw, 600px\" \/>                <\/div>\n          <\/div>\n                <div class=\"box-body\">\n                            <h3 class=\"elementskit-info-box-title\">\n                    D\u00fcnyag\u00f6z ist ein Zentrum, in dem alle Bereiche der Augenheilkunde angewandt werden.                <\/h3>\n                                            <\/div>\n        \n        \n                <\/div>\n                <\/a>\n        <\/div>\t\t\t\t<\/div>\n\t\t\t\t<\/div>\n\t\t\t\t<\/div>\n\t\t<div class=\"elementor-element elementor-element-8e09d0b e-con-full e-flex e-con e-child\" data-id=\"8e09d0b\" data-element_type=\"container\" data-e-type=\"container\" data-settings=\"{&quot;pix_scale_in&quot;:&quot;none&quot;}\">\n\t\t\t\t<div class=\"elementor-element elementor-element-2dc9977 ekit-equal-height-disable elementor-widget elementor-widget-elementskit-icon-box\" data-id=\"2dc9977\" data-element_type=\"widget\" data-e-type=\"widget\" data-widget_type=\"elementskit-icon-box.default\">\n\t\t\t\t<div class=\"elementor-widget-container\">\n\t\t\t\t\t<div class=\"ekit-wid-con\" >        <!-- link opening -->\n                <a href=\"#\" class=\"ekit_global_links\">\n                <!-- end link opening -->\n\n        <div class=\"elementskit-infobox text-center text- icon-top-align elementor-animation-   \">\n                            <div class=\"elementskit-box-header\">\n                <div class=\"elementskit-info-box-icon \">\n                    <img loading=\"lazy\" decoding=\"async\" width=\"600\" height=\"300\" src=\"https:\/\/bridgehealthtravel.com\/wp-content\/uploads\/2024\/10\/Calisma-yuzeyi-1-kopya-2.png\" class=\"attachment- size-\" alt=\"\" srcset=\"https:\/\/bridgehealthtravel.com\/wp-content\/uploads\/2024\/10\/Calisma-yuzeyi-1-kopya-2.png 600w, https:\/\/bridgehealthtravel.com\/wp-content\/uploads\/2024\/10\/Calisma-yuzeyi-1-kopya-2-300x150.png 300w, https:\/\/bridgehealthtravel.com\/wp-content\/uploads\/2024\/10\/Calisma-yuzeyi-1-kopya-2-18x9.png 18w\" sizes=\"(max-width: 600px) 100vw, 600px\" \/>                <\/div>\n          <\/div>\n                <div class=\"box-body\">\n                            <h3 class=\"elementskit-info-box-title\">\n                    NANODENT ist ein Zentrum, in dem alle Bereiche der Zahnmedizin angewandt werden.                <\/h3>\n                                            <\/div>\n        \n        \n                <\/div>\n                <\/a>\n        <\/div>\t\t\t\t<\/div>\n\t\t\t\t<\/div>\n\t\t\t\t<\/div>\n\t\t\t\t\t<\/div>\n\t\t\t\t<\/div>\n\t\t<div class=\"elementor-element elementor-element-86b5727 e-flex e-con-boxed e-con e-parent\" data-id=\"86b5727\" data-element_type=\"container\" data-e-type=\"container\" data-settings=\"{&quot;pix_scale_in&quot;:&quot;none&quot;}\">\n\t\t\t\t\t<div class=\"e-con-inner\">\n\t\t<div class=\"elementor-element elementor-element-a113d20 e-con-full e-flex e-con e-child\" data-id=\"a113d20\" data-element_type=\"container\" data-e-type=\"container\" data-settings=\"{&quot;pix_scale_in&quot;:&quot;none&quot;}\">\n\t\t\t\t<div class=\"elementor-element elementor-element-911ef56 ekit-equal-height-disable elementor-widget elementor-widget-elementskit-icon-box\" data-id=\"911ef56\" data-element_type=\"widget\" data-e-type=\"widget\" data-widget_type=\"elementskit-icon-box.default\">\n\t\t\t\t<div class=\"elementor-widget-container\">\n\t\t\t\t\t<div class=\"ekit-wid-con\" >        <!-- link opening -->\n                <a href=\"#\" class=\"ekit_global_links\">\n                <!-- end link opening -->\n\n        <div class=\"elementskit-infobox text-center text- icon-top-align elementor-animation-   \">\n                            <div class=\"elementskit-box-header\">\n                <div class=\"elementskit-info-box-icon \">\n                    <img loading=\"lazy\" decoding=\"async\" width=\"600\" height=\"300\" src=\"https:\/\/bridgehealthtravel.com\/wp-content\/uploads\/2025\/01\/1.png\" class=\"attachment- size-\" alt=\"\" srcset=\"https:\/\/bridgehealthtravel.com\/wp-content\/uploads\/2025\/01\/1.png 600w, https:\/\/bridgehealthtravel.com\/wp-content\/uploads\/2025\/01\/1-300x150.png 300w, https:\/\/bridgehealthtravel.com\/wp-content\/uploads\/2025\/01\/1-18x9.png 18w\" sizes=\"(max-width: 600px) 100vw, 600px\" \/>                <\/div>\n          <\/div>\n                <div class=\"box-body\">\n                            <h3 class=\"elementskit-info-box-title\">\n                    Das Anatolia Hospital ist ein Krankenhaus, in dem alle Bereiche der Gesundheitsf\u00fcrsorge angewandt werden.                <\/h3>\n                                            <\/div>\n        \n        \n                <\/div>\n                <\/a>\n        <\/div>\t\t\t\t<\/div>\n\t\t\t\t<\/div>\n\t\t\t\t<\/div>\n\t\t<div class=\"elementor-element elementor-element-9a88ed5 e-con-full e-flex e-con e-child\" data-id=\"9a88ed5\" data-element_type=\"container\" data-e-type=\"container\" data-settings=\"{&quot;pix_scale_in&quot;:&quot;none&quot;}\">\n\t\t\t\t<div class=\"elementor-element elementor-element-f1c5e1f ekit-equal-height-disable elementor-widget elementor-widget-elementskit-icon-box\" data-id=\"f1c5e1f\" data-element_type=\"widget\" data-e-type=\"widget\" data-widget_type=\"elementskit-icon-box.default\">\n\t\t\t\t<div class=\"elementor-widget-container\">\n\t\t\t\t\t<div class=\"ekit-wid-con\" >        <!-- link opening -->\n                <a href=\"#\" class=\"ekit_global_links\">\n                <!-- end link opening -->\n\n        <div class=\"elementskit-infobox text-center text- icon-top-align elementor-animation-   \">\n                            <div class=\"elementskit-box-header\">\n                <div class=\"elementskit-info-box-icon \">\n                    <img loading=\"lazy\" decoding=\"async\" width=\"600\" height=\"300\" src=\"https:\/\/bridgehealthtravel.com\/wp-content\/uploads\/2025\/01\/2.png\" class=\"attachment- size-\" alt=\"\" srcset=\"https:\/\/bridgehealthtravel.com\/wp-content\/uploads\/2025\/01\/2.png 600w, https:\/\/bridgehealthtravel.com\/wp-content\/uploads\/2025\/01\/2-300x150.png 300w, https:\/\/bridgehealthtravel.com\/wp-content\/uploads\/2025\/01\/2-18x9.png 18w\" sizes=\"(max-width: 600px) 100vw, 600px\" \/>                <\/div>\n          <\/div>\n                <div class=\"box-body\">\n                            <h3 class=\"elementskit-info-box-title\">\n                    Das Orbit Augenzentrum ist ein Zentrum, in dem alle Bereiche der Augengesundheit behandelt werden.                <\/h3>\n                                            <\/div>\n        \n        \n                <\/div>\n                <\/a>\n        <\/div>\t\t\t\t<\/div>\n\t\t\t\t<\/div>\n\t\t\t\t<\/div>\n\t\t\t\t\t<\/div>\n\t\t\t\t<\/div>\n\t\t\t\t<\/div>\n\t\t","protected":false},"excerpt":{"rendered":"<p>Die private Stiftung ASV Life Hospital ist ein Krankenhaus, in dem alle Bereiche des Gesundheitswesens angewandt werden. Das private Uncal\u0131-Krankenhaus ist ein Krankenhaus, in dem alle Bereiche des Gesundheitswesens angewandt werden. D\u00fcnyag\u00f6z ist ein Zentrum, in dem alle Bereiche der&#8230;<\/p>\n","protected":false},"author":1,"featured_media":0,"parent":0,"menu_order":0,"comment_status":"closed","ping_status":"closed","template":"","meta":{"footnotes":""},"class_list":["post-18097","page","type-page","status-publish","hentry"],"_links":{"self":[{"href":"https:\/\/bridgehealthtravel.com\/de\/wp-json\/wp\/v2\/pages\/18097","targetHints":{"allow":["GET"]}}],"collection":[{"href":"https:\/\/bridgehealthtravel.com\/de\/wp-json\/wp\/v2\/pages"}],"about":[{"href":"https:\/\/bridgehealthtravel.com\/de\/wp-json\/wp\/v2\/types\/page"}],"author":[{"embeddable":true,"href":"https:\/\/bridgehealthtravel.com\/de\/wp-json\/wp\/v2\/users\/1"}],"replies":[{"embeddable":true,"href":"https:\/\/bridgehealthtravel.com\/de\/wp-json\/wp\/v2\/comments?post=18097"}],"version-history":[{"count":1,"href":"https:\/\/bridgehealthtravel.com\/de\/wp-json\/wp\/v2\/pages\/18097\/revisions"}],"predecessor-version":[{"id":18104,"href":"https:\/\/bridgehealthtravel.com\/de\/wp-json\/wp\/v2\/pages\/18097\/revisions\/18104"}],"wp:attachment":[{"href":"https:\/\/bridgehealthtravel.com\/de\/wp-json\/wp\/v2\/media?parent=18097"}],"curies":[{"name":"wp","href":"https:\/\/api.w.org\/{rel}","templated":true}]}}